{"id":3,"date":"2024-10-23T11:23:49","date_gmt":"2024-10-23T09:23:49","guid":{"rendered":"https:\/\/biotfy.com\/?page_id=3"},"modified":"2025-10-13T13:31:04","modified_gmt":"2025-10-13T11:31:04","slug":"privacy-policy","status":"publish","type":"page","link":"https:\/\/biotfy.com\/es\/privacy-policy\/","title":{"rendered":"Pol\u00edticas de Privacidad"},"content":{"rendered":"<p><strong>\u00daltima actualizaci\u00f3n:<\/strong> 13 Octubre 2025<\/p>\n\n\n\n<h2 class=\"wp-block-heading\">1. Introducci\u00f3n<\/h2>\n\n\n\n<p>En <strong>BIOTFY<\/strong>, trabajamos para ofrecer a nuestros clientes y usuarios la mejor experiencia posible a trav\u00e9s de nuestra plataforma de monitorizaci\u00f3n ambiental inteligente. En algunos casos, es necesario recopilar informaci\u00f3n personal o t\u00e9cnica para garantizar el funcionamiento de nuestros servicios y la comunicaci\u00f3n con los usuarios.<\/p>\n\n\n\n<p>Por ello, y a efectos de lo dispuesto en el <strong>REGLAMENTO (UE) 2016\/679 DEL PARLAMENTO EUROPEO Y DEL CONSEJO<\/strong> de 27 de abril de 2016 (en adelante, \"RGPD\") relativo a la protecci\u00f3n de las personas f\u00edsicas en lo que respecta al tratamiento de datos personales y a la libre circulaci\u00f3n de estos datos, y la <strong>Ley 34\/2002, de 11 de julio<\/strong> de Servicios de la Sociedad de la Informaci\u00f3n y de Comercio Electr\u00f3nico (en adelante, \"LSSI\"), <strong>BIOTFY SOLUTIONS S.L.<\/strong> informa al usuario de que, como responsable del tratamiento, los datos personales que faciliten ser\u00e1n tratados conforme a esta pol\u00edtica de privacidad.<\/p>\n\n\n\n<h2 class=\"wp-block-heading\">2. Responsable del Tratamiento<\/h2>\n\n\n\n<p><strong>BIOTFY SOLUTIONS S.L.<\/strong> (en lo sucesivo, \u201cBIOTFY\u201d o la \u201cEmpresa\u201d) es la empresa creadora de esta p\u00e1gina web, as\u00ed como la responsable del tratamiento de los datos personales que el usuario comparte con nosotros. A continuaci\u00f3n, se indica la informaci\u00f3n general de la Empresa:<\/p>\n\n\n\n<p><strong>Identidad:<\/strong> BIOTFY SOLUTIONS S.L.<br><strong>Direcci\u00f3n:<\/strong> Calle Loma de los Riscos 59, 29620 Torremolinos (M\u00e1laga), Spain<br><strong>NIF:<\/strong> B21779905<br><strong>Email:<\/strong> <a>info@biotfy.com<\/a><\/p>\n\n\n\n<h2 class=\"wp-block-heading\">3. Recogida de Datos Personales y su Tratamiento<\/h2>\n\n\n\n<p>A continuaci\u00f3n, se indican los datos personales que se pueden tratar en el sitio web, as\u00ed como la base legal que justifica dicho tratamiento de datos.<\/p>\n\n\n\n<p><strong>Formulario \"Contacta\".<\/strong> Para gestionar dicho formulario se tratar\u00e1n datos tales como nombre y apellidos, correo electr\u00f3nico, tel\u00e9fono y el texto de mensaje que es opcional.<\/p>\n\n\n\n<p><strong>Comunicaciones comerciales.<\/strong> Para poder gestionar cualquier comunicaci\u00f3n comercial y\/o suscripci\u00f3n de newsletter de los productos y servicios de Biotfy, se tratar\u00e1 el correo electr\u00f3nico, as\u00ed como cualquier otro dato personal que sea requerido para poder gestionar dicho tratamiento.<\/p>\n\n\n\n<p><strong>Registro a Webinars.<\/strong> Para gestionar tu inscripci\u00f3n en nuestros Webinars, se tratar\u00e1n tus datos, como tu direcci\u00f3n de correo electr\u00f3nico.<\/p>\n\n\n\n<p><strong>Marketing y Comunicaciones.<\/strong> Si proporcionas tus datos personales al crear una cuenta o suscribirte a nuestro bolet\u00edn, podremos utilizarlos para enviarte comunicaciones de marketing sobre nuestros productos, servicios, promociones o eventos. Puedes optar por no recibir m\u00e1s comunicaciones en cualquier momento siguiendo las instrucciones contenidas en cada correo.<\/p>\n\n\n\n<h2 class=\"wp-block-heading\">4. Base Legal del Tratamiento de tus Datos<\/h2>\n\n\n\n<p>La base legal que justifica el tratamiento de los datos mencionados anteriormente es:<\/p>\n\n\n\n<ul class=\"wp-block-list\">\n<li><strong>Consentimiento del interesado<\/strong> para los formularios de solicitud de demo, altas en newsletters, para gestionar las candidaturas aplicadas, registro en los webinars, atenci\u00f3n al usuario y el tratamiento de cookies opcionales aceptadas por el usuario.<\/li>\n\n\n\n<li><strong>Cumplimiento de obligaciones legales<\/strong> para prevenci\u00f3n del fraude, comunicaci\u00f3n con Autoridades p\u00fablicas y reclamaciones de terceros.<\/li>\n<\/ul>\n\n\n\n<h2 class=\"wp-block-heading\">5. Conservaci\u00f3n de tus Datos Personales<\/h2>\n\n\n\n<p>Solo se guardan Datos Personales durante el tiempo necesario para los fines para los cuales fueron recopilados con el expreso consentimiento, para satisfacer tus necesidades o para cumplir con las obligaciones legales.<\/p>\n\n\n\n<p>Para determinar cu\u00e1nto tiempo se conservan los Datos Personales, se usan los siguientes criterios:<\/p>\n\n\n\n<ul class=\"wp-block-list\">\n<li>Datos Personales obtenidos al contactar con Biotfy con relaci\u00f3n a una consulta o solicitud: durante el tiempo necesario para resolver la consulta.<\/li>\n\n\n\n<li>Datos Personales obtenidos al dar el consentimiento para enviar comunicaciones o porque es necesario en cumplimiento con las regulaciones: hasta el final del periodo por el cual ha sido requerido.<\/li>\n<\/ul>\n\n\n\n<p>Se pueden conservar algunos de los Datos Personales para cumplir con las obligaciones legales o regulatorias, as\u00ed como para administrar los derechos de BIOTFY (por ejemplo, para presentar demandas ante los tribunales) o para fines estad\u00edsticos o hist\u00f3ricos.<\/p>\n\n\n\n<p>Una vez transcurridos los periodos de conservaci\u00f3n de tus Datos Personales por mandato legal, desde Biotfy se proceder\u00e1 a eliminarlos de los sistemas y registros o anonimizarlos para que el usuario ya no pueda ser identificado.<\/p>\n\n\n\n<h2 class=\"wp-block-heading\">6. Destinatarios a los que se Comunican tus Datos<\/h2>\n\n\n\n<p>En algunos casos, solo cuando sea necesario, BIOTFY proporcionar\u00e1 datos de los usuarios a terceros. Sin embargo, los datos nunca se vender\u00e1n a terceros. Los proveedores de servicios externos con los que que cuenta BIOTFY para proveer los servicios auxiliares para el tratamiento de los datos podr\u00e1n tener acceso a estos de conformidad con las instrucciones indicadas por BIOTFY y con la \u00fanica finalidad de ejecutar correctamente la relaci\u00f3n contractual que existe entre BIOTFY y sus proveedores. <strong>never<\/strong> be sold to third parties. External service providers assisting BIOTFY in providing auxiliary services for data processing may access such data strictly in accordance with BIOTFY\u2019s instructions and solely to perform the contractual relationship between BIOTFY and its providers.<\/p>\n\n\n\n<p>BIOTFY procura garantizar la seguridad de los datos personales cuando se env\u00edan fuera de la empresa y se asegura de que los terceros proveedores de servicios respeten la confidencialidad y dispongan de medidas adecuadas para proteger los datos personales. Estos terceros tienen la obligaci\u00f3n de garantizar que la informaci\u00f3n sea tratada de acuerdo con la normativa sobre privacidad de datos.<\/p>\n\n\n\n<p>En algunos casos, la ley puede exigir que los datos personales sean revelados a organismos p\u00fablicos u otras partes, solo se revelar\u00e1 lo estrictamente necesario para el cumplimiento de dichas obligaciones legales.<\/p>\n\n\n\n<h2 class=\"wp-block-heading\">7. Almacenamiento de tus Datos Personales<\/h2>\n\n\n\n<p class=\"translation-block\">En general, los datos se almacenan dentro de la UE. No obstante, en caso de que el tratamiento de tus datos signifique una transferencia internacional de datos fuera del Espacio Econ\u00f3mico Europeo (EEE) BIOTFY se compromete a implementar las medidas de seguridad necesarias para asegurar un nivel adecuado de salvaguarda de dichas transferencias por medio de contratos de encargados del tratamiento y, en su caso, se asegurar\u00e1 de que ofrecen un nivel de protecci\u00f3n adecuado, ya sea porque cuentan con Normas Corporativas Vinculantes (BCR) o porque hemos suscrito las cl\u00e1usulas modelo de la Comisi\u00f3n Europea.<\/p>\n\n\n\n<h2 class=\"wp-block-heading\">8. Ejercicio de Derechos y C\u00f3mo Puedes Ejercerlos<\/h2>\n\n\n\n<p>Puedes dirigir tus comunicaciones y ejercer tus derechos mediante una petici\u00f3n a la siguiente direcci\u00f3n de correo electr\u00f3nico <strong><a>info@biotfy.com<\/a><\/strong><\/p>\n\n\n\n<p>En virtud del RGPD puedes solicitar:<\/p>\n\n\n\n<ul class=\"wp-block-list\">\n<li><strong>Derecho de informaci\u00f3n:<\/strong> puedes solicitar informaci\u00f3n sobre aquellos datos personales que se disponen acerca de ti.<\/li>\n\n\n\n<li><strong>Derecho de rectificaci\u00f3n:<\/strong> puedes comunicar cualquier cambio en tus datos personales.<\/li>\n\n\n\n<li><strong>Derecho de supresi\u00f3n y al olvido:<\/strong> puedes solicitar el bloqueo previo de la supresi\u00f3n de los datos personales.<\/li>\n\n\n\n<li><strong>Derecho a la limitaci\u00f3n del tratamiento:<\/strong> se trata de restringir el tratamiento de tus datos personales.<\/li>\n\n\n\n<li><strong>Derecho a la portabilidad de los datos:<\/strong> en algunos casos, puede solicitar una copia de los datos personales en un formato estructurado, de uso com\u00fan y lectura mec\u00e1nica para su transmisi\u00f3n a otro responsable del tratamiento.<\/li>\n\n\n\n<li><strong>Derecho de oposici\u00f3n y toma de decisiones individuales automatizadas:<\/strong> puedes solicitar que no se tomen decisiones basadas \u00fanicamente en el tratamiento automatizado, incluida la elaboraci\u00f3n de perfiles, que produzcan efectos jur\u00eddicos o afecten significativamente al interesado.<\/li>\n<\/ul>\n\n\n\n<p><strong>Marketing y Comunicaciones:<\/strong> Si proporcionas tus datos personales al crear una cuenta o suscribirte a nuestro bolet\u00edn, podremos utilizarlos para enviarte comunicaciones de marketing sobre nuestros productos, servicios, promociones o eventos. Puedes optar por no recibir m\u00e1s comunicaciones en cualquier momento siguiendo las instrucciones contenidas en cada correo.<\/p>\n\n\n\n<p>En algunos casos, la solicitud puede ser denegada si pides que se supriman los datos necesarios para el cumplimiento de obligaciones legales.<\/p>\n\n\n\n<p>En algunos casos, la solicitud puede ser denegada si pides que se supriman los datos necesarios para el cumplimiento de obligaciones legales.\nEn caso de no estar conforme con la respuesta, puedes presentar una reclamaci\u00f3n ante la <strong>Agencia Espa\u00f1ola de Protecci\u00f3n de Datos (AEPD)<\/strong>.<\/p>\n\n\n\n<h2 class=\"wp-block-heading\">9. Responsable de la Exactitud y Veracidad de los Datos Facilitados<\/h2>\n\n\n\n<p>El usuario es el \u00fanico responsable de la veracidad y correcci\u00f3n de los datos incluidos, exonerando a BIOTFY de cualquier responsabilidad al respecto. Los usuarios garantizan y responden, en cualquier caso, de la exactitud, vigencia y autenticidad de los datos personales facilitados, y se comprometen a mantenerlos debidamente actualizados.<\/p>\n\n\n\n<p>BIOTFY no responde de la veracidad de las informaciones que no sean de elaboraci\u00f3n propia y de las que se indique otra fuente, por lo que tampoco asume responsabilidad alguna en cuanto a hipot\u00e9ticos perjuicios que pudieran originarse por el uso de dicha informaci\u00f3n.<\/p>\n\n\n\n<h2 class=\"wp-block-heading\">10. Medidas de Seguridad Aplicadas Para Proteger Tus Datos Personales<\/h2>\n\n\n\n<p>BIOTFY ha adoptado los niveles de seguridad de protecci\u00f3n de datos personales legalmente requeridos, y procura instalar aquellos otros medios y medidas t\u00e9cnicas adicionales a su alcance para evitar la p\u00e9rdida, mal uso, alteraci\u00f3n, acceso no autorizado y robo de los datos personales facilitados.<\/p>\n\n\n\n<p>BIOTFY applies appropriate technical and organizational measures to protect personal data, including <strong>TLS (HTTPS) encryption<\/strong>BIOTFY aplica medidas t\u00e9cnicas y organizativas adecuadas para proteger los datos personales, incluyendo cifrado TLS (HTTPS), control de accesos, copias de seguridad y almacenamiento seguro en la nube. No obstante, el usuario debe ser consciente de que ninguna medida t\u00e9cnica es completamente infalible en el entorno digital. No obstante, el usuario debe ser consciente de que las medidas de seguridad en Internet no son inexpugnables.<\/p>\n\n\n\n<p>En particular, el sitio web est\u00e1 asegurado con un <strong>certificado TLS con cifrado RSA<\/strong>, lo que significa que toda la informaci\u00f3n enviada al sitio web est\u00e1 cifrada con un protocolo <strong>HTTPS<\/strong> protocol.<\/p>\n\n\n\n<h2 class=\"wp-block-heading\">8. Contacto y Modificaciones en la Pol\u00edtica de Privacidad<\/h2>\n\n\n\n<p>Esta pol\u00edtica de privacidad puede actualizarse cuando sea necesario para adaptarse a cambios legales o t\u00e9cnicos. La versi\u00f3n vigente estar\u00e1 siempre disponible en<br><strong><a href=\"https:\/\/biotfy.com\/es\/\">www.biotfy.com<\/a><\/strong><\/p>","protected":false},"excerpt":{"rendered":"<p>Last updated: 13 October 2025 1. Introduction At BIOTFY, we work to provide our clients and users with the best possible experience through our smart environmental monitoring platform. In some cases, it is necessary to collect personal or technical information to ensure the proper functioning of our services and communication with users. Therefore, and for [&hellip;]<\/p>\n","protected":false},"author":1,"featured_media":0,"parent":0,"menu_order":0,"comment_status":"closed","ping_status":"closed","template":"","meta":{"footnotes":""},"class_list":["post-3","page","type-page","status-publish","hentry"],"blocksy_meta":[],"_links":{"self":[{"href":"https:\/\/biotfy.com\/es\/wp-json\/wp\/v2\/pages\/3","targetHints":{"allow":["GET"]}}],"collection":[{"href":"https:\/\/biotfy.com\/es\/wp-json\/wp\/v2\/pages"}],"about":[{"href":"https:\/\/biotfy.com\/es\/wp-json\/wp\/v2\/types\/page"}],"author":[{"embeddable":true,"href":"https:\/\/biotfy.com\/es\/wp-json\/wp\/v2\/users\/1"}],"replies":[{"embeddable":true,"href":"https:\/\/biotfy.com\/es\/wp-json\/wp\/v2\/comments?post=3"}],"version-history":[{"count":9,"href":"https:\/\/biotfy.com\/es\/wp-json\/wp\/v2\/pages\/3\/revisions"}],"predecessor-version":[{"id":1117,"href":"https:\/\/biotfy.com\/es\/wp-json\/wp\/v2\/pages\/3\/revisions\/1117"}],"wp:attachment":[{"href":"https:\/\/biotfy.com\/es\/wp-json\/wp\/v2\/media?parent=3"}],"curies":[{"name":"wp","href":"https:\/\/api.w.org\/{rel}","templated":true}]}}